{"id":1393,"date":"2020-02-06T11:39:12","date_gmt":"2020-02-06T11:39:12","guid":{"rendered":"https:\/\/www.aranp-group.com\/otros-productos\/"},"modified":"2020-02-06T11:39:14","modified_gmt":"2020-02-06T11:39:14","slug":"otros-productos","status":"publish","type":"page","link":"https:\/\/www.aranp-group.com\/es\/otros-productos\/","title":{"rendered":"Otros productos"},"content":{"rendered":"\t\t<div data-elementor-type=\"wp-post\" data-elementor-id=\"1393\" class=\"elementor elementor-1393 elementor-452\" data-elementor-post-type=\"page\">\n\t\t\t\t\t\t<section class=\"elementor-section elementor-top-section elementor-element elementor-element-b967d63 elementor-section-height-min-height elementor-section-full_width elementor-section-height-default elementor-section-items-middle\" data-id=\"b967d63\" data-element_type=\"section\" data-settings=\"{&quot;background_background&quot;:&quot;classic&quot;}\">\n\t\t\t\t\t\t<div class=\"elementor-container elementor-column-gap-default\">\n\t\t\t\t\t<div class=\"elementor-column elementor-col-100 elementor-top-column elementor-element elementor-element-f088901\" data-id=\"f088901\" data-element_type=\"column\">\n\t\t\t<div class=\"elementor-widget-wrap\">\n\t\t\t\t\t\t\t<\/div>\n\t\t<\/div>\n\t\t\t\t\t<\/div>\n\t\t<\/section>\n\t\t\t\t<section class=\"elementor-section elementor-top-section elementor-element elementor-element-5f21142 elementor-section-full_width elementor-section-height-min-height elementor-section-items-stretch elementor-section-content-middle elementor-section-height-default\" data-id=\"5f21142\" data-element_type=\"section\">\n\t\t\t\t\t\t<div class=\"elementor-container elementor-column-gap-default\">\n\t\t\t\t\t<div class=\"elementor-column elementor-col-50 elementor-top-column elementor-element elementor-element-d867749\" data-id=\"d867749\" data-element_type=\"column\" data-settings=\"{&quot;background_background&quot;:&quot;classic&quot;}\">\n\t\t\t<div class=\"elementor-widget-wrap elementor-element-populated\">\n\t\t\t\t\t\t<div class=\"elementor-element elementor-element-50ac350 elementor-widget elementor-widget-heading\" data-id=\"50ac350\" data-element_type=\"widget\" data-widget_type=\"heading.default\">\n\t\t\t\t<div class=\"elementor-widget-container\">\n\t\t\t<style>\/*! elementor - v3.21.0 - 26-05-2024 *\/\n.elementor-heading-title{padding:0;margin:0;line-height:1}.elementor-widget-heading .elementor-heading-title[class*=elementor-size-]>a{color:inherit;font-size:inherit;line-height:inherit}.elementor-widget-heading .elementor-heading-title.elementor-size-small{font-size:15px}.elementor-widget-heading .elementor-heading-title.elementor-size-medium{font-size:19px}.elementor-widget-heading .elementor-heading-title.elementor-size-large{font-size:29px}.elementor-widget-heading .elementor-heading-title.elementor-size-xl{font-size:39px}.elementor-widget-heading .elementor-heading-title.elementor-size-xxl{font-size:59px}<\/style><h2 class=\"elementor-heading-title elementor-size-default\">OTROS PRODUCTOS<\/h2>\t\t<\/div>\n\t\t\t\t<\/div>\n\t\t\t\t\t<\/div>\n\t\t<\/div>\n\t\t\t\t<div class=\"elementor-column elementor-col-50 elementor-top-column elementor-element elementor-element-ca06314\" data-id=\"ca06314\" data-element_type=\"column\">\n\t\t\t<div class=\"elementor-widget-wrap\">\n\t\t\t\t\t\t\t<\/div>\n\t\t<\/div>\n\t\t\t\t\t<\/div>\n\t\t<\/section>\n\t\t\t\t<section class=\"elementor-section elementor-top-section elementor-element elementor-element-10ee11e elementor-section-height-min-height elementor-section-boxed elementor-section-height-default elementor-section-items-middle\" data-id=\"10ee11e\" data-element_type=\"section\" data-settings=\"{&quot;background_background&quot;:&quot;classic&quot;}\">\n\t\t\t\t\t\t<div class=\"elementor-container elementor-column-gap-default\">\n\t\t\t\t\t<div class=\"elementor-column elementor-col-50 elementor-top-column elementor-element elementor-element-f2ea5e4\" data-id=\"f2ea5e4\" data-element_type=\"column\" data-settings=\"{&quot;background_background&quot;:&quot;classic&quot;}\">\n\t\t\t<div class=\"elementor-widget-wrap elementor-element-populated\">\n\t\t\t\t\t\t<div class=\"elementor-element elementor-element-a41989a elementor-flip-box--effect-fade elementor-widget elementor-widget-flip-box\" data-id=\"a41989a\" data-element_type=\"widget\" data-widget_type=\"flip-box.default\">\n\t\t\t\t<div class=\"elementor-widget-container\">\n\t\t\t<link rel=\"stylesheet\" href=\"https:\/\/www.aranp-group.com\/wp-content\/plugins\/elementor-pro\/assets\/css\/widget-flip-box.min.css\">\t\t<div class=\"elementor-flip-box\" tabindex=\"0\">\n\t\t\t<div class=\"elementor-flip-box__layer elementor-flip-box__front\">\n\t\t\t\t<div class=\"elementor-flip-box__layer__overlay\">\n\t\t\t\t\t<div class=\"elementor-flip-box__layer__inner\">\n\t\t\t\t\t\t\n\t\t\t\t\t\t\t\t\t\t\t\t\t<h3 class=\"elementor-flip-box__layer__title\">\n\t\t\t\t\t\t\t\tLAMINACI\u00d3N T\u00c9RMICA AVANZADA\t\t\t\t\t\t\t<\/h3>\n\t\t\t\t\t\t\n\t\t\t\t\t\t\t\t\t\t\t\t\t<div class=\"elementor-flip-box__layer__description\">\n\t\t\t\t\t\t\t\tLos laminados Aran son los m\u00e1s avanzados de su tipo en el mercado de envases l\u00edquidos y se basan en la tecnolog\u00eda de termolaminaci\u00f3n de adhesi\u00f3n de capas por calor.\t\t\t\t\t\t\t<\/div>\n\t\t\t\t\t\t\t\t\t\t\t<\/div>\n\t\t\t\t<\/div>\n\t\t\t<\/div>\n\t\t\t<div class=\"elementor-flip-box__layer elementor-flip-box__back\">\n\t\t\t<div class=\"elementor-flip-box__layer__overlay\">\n\t\t\t\t<div class=\"elementor-flip-box__layer__inner\">\n\t\t\t\t\t\t\t\t\t\t\t<h3 class=\"elementor-flip-box__layer__title\">\n\t\t\t\t\t\t\tLAMINACI\u00d3N T\u00c9RMICA AVANZADA\t\t\t\t\t\t<\/h3>\n\t\t\t\t\t\n\t\t\t\t\t\t\t\t\t\t\t<div class=\"elementor-flip-box__layer__description\">\n\t\t\t\t\t\t\tLos laminados Aran son los m\u00e1s avanzados de su tipo en el mercado de envases l\u00edquidos y se basan en la tecnolog\u00eda de termolaminaci\u00f3n de adhesi\u00f3n de capas por calor.\t\t\t\t\t\t<\/div>\n\t\t\t\t\t\n\t\t\t\t\t\t\t\t\t\t\t<a class=\"elementor-flip-box__button elementor-button elementor-size-xs\" href=\"https:\/\/aranp-group.com\/es\/laminacion-termica-avanzada\/\">\n\t\t\t\t\t\t\tLEER M\u00c1S\t\t\t\t\t\t<\/a>\n\t\t\t\t\t\t\t\t<\/div>\n\t\t<\/div>\n\t\t<\/div>\n\t\t<\/div>\n\t\t\t\t<\/div>\n\t\t\t\t<\/div>\n\t\t\t\t\t<\/div>\n\t\t<\/div>\n\t\t\t\t<div class=\"elementor-column elementor-col-50 elementor-top-column elementor-element elementor-element-f3cb378\" data-id=\"f3cb378\" data-element_type=\"column\">\n\t\t\t<div class=\"elementor-widget-wrap\">\n\t\t\t\t\t\t\t<\/div>\n\t\t<\/div>\n\t\t\t\t\t<\/div>\n\t\t<\/section>\n\t\t\t\t<section class=\"elementor-section elementor-top-section elementor-element elementor-element-0503709 elementor-section-height-min-height elementor-section-boxed elementor-section-height-default elementor-section-items-middle\" data-id=\"0503709\" data-element_type=\"section\" data-settings=\"{&quot;background_background&quot;:&quot;classic&quot;}\">\n\t\t\t\t\t\t<div class=\"elementor-container elementor-column-gap-default\">\n\t\t\t\t\t<div class=\"elementor-column elementor-col-50 elementor-top-column elementor-element elementor-element-0184ad4\" data-id=\"0184ad4\" data-element_type=\"column\" data-settings=\"{&quot;background_background&quot;:&quot;classic&quot;}\">\n\t\t\t<div class=\"elementor-widget-wrap elementor-element-populated\">\n\t\t\t\t\t\t<div class=\"elementor-element elementor-element-978a0ec elementor-flip-box--effect-fade elementor-widget elementor-widget-flip-box\" data-id=\"978a0ec\" data-element_type=\"widget\" data-widget_type=\"flip-box.default\">\n\t\t\t\t<div class=\"elementor-widget-container\">\n\t\t\t\t\t<div class=\"elementor-flip-box\" tabindex=\"0\">\n\t\t\t<div class=\"elementor-flip-box__layer elementor-flip-box__front\">\n\t\t\t\t<div class=\"elementor-flip-box__layer__overlay\">\n\t\t\t\t\t<div class=\"elementor-flip-box__layer__inner\">\n\t\t\t\t\t\t\n\t\t\t\t\t\t\t\t\t\t\t\t\t<h3 class=\"elementor-flip-box__layer__title\">\n\t\t\t\t\t\t\t\tALTA TECNOLOG\u00cdA\t\t\t\t\t\t\t<\/h3>\n\t\t\t\t\t\t\n\t\t\t\t\t\t\t\t\t\t\t\t\t<div class=\"elementor-flip-box__layer__description\">\n\t\t\t\t\t\t\t\t\u00bfPensaba que Aran solo era envasado de alimentos? Para nada. Por ejemplo, la compa\u00f1\u00eda recientemente ha empezado a suministrar envases exclusivos para productos innovadores fabricados por Objet Geometries Company.\t\t\t\t\t\t\t<\/div>\n\t\t\t\t\t\t\t\t\t\t\t<\/div>\n\t\t\t\t<\/div>\n\t\t\t<\/div>\n\t\t\t<div class=\"elementor-flip-box__layer elementor-flip-box__back\">\n\t\t\t<div class=\"elementor-flip-box__layer__overlay\">\n\t\t\t\t<div class=\"elementor-flip-box__layer__inner\">\n\t\t\t\t\t\t\t\t\t\t\t<h3 class=\"elementor-flip-box__layer__title\">\n\t\t\t\t\t\t\tALTA TECNOLOG\u00cdA\t\t\t\t\t\t<\/h3>\n\t\t\t\t\t\n\t\t\t\t\t\t\t\t\t\t\t<div class=\"elementor-flip-box__layer__description\">\n\t\t\t\t\t\t\t\u00bfPensaba que Aran solo era envasado de alimentos? Para nada. Por ejemplo, la compa\u00f1\u00eda recientemente ha empezado a suministrar envases exclusivos para productos innovadores fabricados por Objet Geometries Company.\t\t\t\t\t\t<\/div>\n\t\t\t\t\t\n\t\t\t\t\t\t\t\t\t\t\t<a class=\"elementor-flip-box__button elementor-button elementor-size-xs\" href=\"https:\/\/aranp-group.com\/es\/alta-tecnologia\/\">\n\t\t\t\t\t\t\tLEER M\u00c1S\t\t\t\t\t\t<\/a>\n\t\t\t\t\t\t\t\t<\/div>\n\t\t<\/div>\n\t\t<\/div>\n\t\t<\/div>\n\t\t\t\t<\/div>\n\t\t\t\t<\/div>\n\t\t\t\t\t<\/div>\n\t\t<\/div>\n\t\t\t\t<div class=\"elementor-column elementor-col-50 elementor-top-column elementor-element elementor-element-7f7e77c\" data-id=\"7f7e77c\" data-element_type=\"column\">\n\t\t\t<div class=\"elementor-widget-wrap\">\n\t\t\t\t\t\t\t<\/div>\n\t\t<\/div>\n\t\t\t\t\t<\/div>\n\t\t<\/section>\n\t\t\t\t<section class=\"elementor-section elementor-top-section elementor-element elementor-element-5f44057 elementor-section-height-min-height elementor-section-boxed elementor-section-height-default elementor-section-items-middle\" data-id=\"5f44057\" data-element_type=\"section\" data-settings=\"{&quot;background_background&quot;:&quot;classic&quot;}\">\n\t\t\t\t\t\t<div class=\"elementor-container elementor-column-gap-default\">\n\t\t\t\t\t<div class=\"elementor-column elementor-col-50 elementor-top-column elementor-element elementor-element-3ca8fd5\" data-id=\"3ca8fd5\" data-element_type=\"column\" data-settings=\"{&quot;background_background&quot;:&quot;classic&quot;}\">\n\t\t\t<div class=\"elementor-widget-wrap elementor-element-populated\">\n\t\t\t\t\t\t<div class=\"elementor-element elementor-element-a5a9ef7 elementor-flip-box--effect-fade elementor-widget elementor-widget-flip-box\" data-id=\"a5a9ef7\" data-element_type=\"widget\" data-widget_type=\"flip-box.default\">\n\t\t\t\t<div class=\"elementor-widget-container\">\n\t\t\t\t\t<div class=\"elementor-flip-box\" tabindex=\"0\">\n\t\t\t<div class=\"elementor-flip-box__layer elementor-flip-box__front\">\n\t\t\t\t<div class=\"elementor-flip-box__layer__overlay\">\n\t\t\t\t\t<div class=\"elementor-flip-box__layer__inner\">\n\t\t\t\t\t\t\n\t\t\t\t\t\t\t\t\t\t\t\t\t<h3 class=\"elementor-flip-box__layer__title\">\n\t\t\t\t\t\t\t\tPRODUCTOS\t\t\t\t\t\t\t<\/h3>\n\t\t\t\t\t\t\n\t\t\t\t\t\t\t\t\t\t\t\t\t<div class=\"elementor-flip-box__layer__description\">\n\t\t\t\t\t\t\t\tAran tiene una variedad de soluciones de productos para todas sus necesidades. As\u00e9pticos, no as\u00e9pticos, esterilizaci\u00f3n por vapor o qu\u00edmica, llenado en caliente y ultralimpios.\t\t\t\t\t\t\t<\/div>\n\t\t\t\t\t\t\t\t\t\t\t<\/div>\n\t\t\t\t<\/div>\n\t\t\t<\/div>\n\t\t\t<div class=\"elementor-flip-box__layer elementor-flip-box__back\">\n\t\t\t<div class=\"elementor-flip-box__layer__overlay\">\n\t\t\t\t<div class=\"elementor-flip-box__layer__inner\">\n\t\t\t\t\t\t\t\t\t\t\t<h3 class=\"elementor-flip-box__layer__title\">\n\t\t\t\t\t\t\tPRODUCTOS\t\t\t\t\t\t<\/h3>\n\t\t\t\t\t\n\t\t\t\t\t\t\t\t\t\t\t<div class=\"elementor-flip-box__layer__description\">\n\t\t\t\t\t\t\tAran tiene una variedad de soluciones de productos para todas sus necesidades. As\u00e9pticos, no as\u00e9pticos, esterilizaci\u00f3n por vapor o qu\u00edmica, llenado en caliente y ultralimpios.\t\t\t\t\t\t<\/div>\n\t\t\t\t\t\n\t\t\t\t\t\t\t\t\t\t\t<a class=\"elementor-flip-box__button elementor-button elementor-size-xs\" href=\"\/?elementor_library=all-fitments\">\n\t\t\t\t\t\t\tLEER M\u00c1S\t\t\t\t\t\t<\/a>\n\t\t\t\t\t\t\t\t<\/div>\n\t\t<\/div>\n\t\t<\/div>\n\t\t<\/div>\n\t\t\t\t<\/div>\n\t\t\t\t<\/div>\n\t\t\t\t\t<\/div>\n\t\t<\/div>\n\t\t\t\t<div class=\"elementor-column elementor-col-50 elementor-top-column elementor-element elementor-element-34996fe\" data-id=\"34996fe\" data-element_type=\"column\">\n\t\t\t<div class=\"elementor-widget-wrap\">\n\t\t\t\t\t\t\t<\/div>\n\t\t<\/div>\n\t\t\t\t\t<\/div>\n\t\t<\/section>\n\t\t\t\t<\/div>\n\t\t","protected":false},"excerpt":{"rendered":"<p>OTROS PRODUCTOS LAMINACI\u00d3N T\u00c9RMICA AVANZADA Los laminados Aran son los m\u00e1s avanzados de su tipo en el mercado de envases l\u00edquidos y se basan en la tecnolog\u00eda de termolaminaci\u00f3n de adhesi\u00f3n de capas por calor. LAMINACI\u00d3N T\u00c9RMICA AVANZADA Los laminados Aran son los m\u00e1s avanzados de su tipo en el mercado de envases l\u00edquidos y [&hellip;]<\/p>\n","protected":false},"author":2,"featured_media":0,"parent":0,"menu_order":0,"comment_status":"closed","ping_status":"closed","template":"elementor_header_footer","meta":{"_acf_changed":false,"_jet_sm_ready_style":"","_jet_sm_style":"","_jet_sm_controls_values":"","_jet_sm_fonts_collection":"","_jet_sm_fonts_links":"","footnotes":""},"acf":[],"yoast_head":"<!-- This site is optimized with the Yoast SEO plugin v22.8 - https:\/\/yoast.com\/wordpress\/plugins\/seo\/ -->\n<title>Otros productos | Aran Group<\/title>\n<meta name=\"robots\" content=\"index, follow, max-snippet:-1, max-image-preview:large, max-video-preview:-1\" \/>\n<link rel=\"canonical\" href=\"https:\/\/www.aranp-group.com\/es\/otros-productos\/\" \/>\n<meta property=\"og:locale\" content=\"es_ES\" \/>\n<meta property=\"og:type\" content=\"article\" \/>\n<meta property=\"og:title\" content=\"Otros productos | Aran Group\" \/>\n<meta property=\"og:description\" content=\"OTROS PRODUCTOS LAMINACI\u00d3N T\u00c9RMICA AVANZADA Los laminados Aran son los m\u00e1s avanzados de su tipo en el mercado de envases l\u00edquidos y se basan en la tecnolog\u00eda de termolaminaci\u00f3n de adhesi\u00f3n de capas por calor. LAMINACI\u00d3N T\u00c9RMICA AVANZADA Los laminados Aran son los m\u00e1s avanzados de su tipo en el mercado de envases l\u00edquidos y [&hellip;]\" \/>\n<meta property=\"og:url\" content=\"https:\/\/www.aranp-group.com\/es\/otros-productos\/\" \/>\n<meta property=\"og:site_name\" content=\"Aran Group\" \/>\n<meta property=\"article:publisher\" content=\"https:\/\/www.facebook.com\/arangroupint\/\" \/>\n<meta property=\"article:modified_time\" content=\"2020-02-06T11:39:14+00:00\" \/>\n<meta property=\"og:image\" content=\"https:\/\/www.aranp-group.com\/wp-content\/uploads\/2026\/01\/aran-packaging-image-2.png\" \/>\n\t<meta property=\"og:image:width\" content=\"1200\" \/>\n\t<meta property=\"og:image:height\" content=\"675\" \/>\n\t<meta property=\"og:image:type\" content=\"image\/png\" \/>\n<meta name=\"twitter:card\" content=\"summary_large_image\" \/>\n<meta name=\"twitter:label1\" content=\"Tiempo de lectura\" \/>\n\t<meta name=\"twitter:data1\" content=\"1 minuto\" \/>\n<script type=\"application\/ld+json\" class=\"yoast-schema-graph\">{\"@context\":\"https:\/\/schema.org\",\"@graph\":[{\"@type\":\"WebPage\",\"@id\":\"https:\/\/www.aranp-group.com\/es\/otros-productos\/\",\"url\":\"https:\/\/www.aranp-group.com\/es\/otros-productos\/\",\"name\":\"Otros productos | Aran Group\",\"isPartOf\":{\"@id\":\"https:\/\/www.aranp-group.com\/#website\"},\"datePublished\":\"2020-02-06T11:39:12+00:00\",\"dateModified\":\"2020-02-06T11:39:14+00:00\",\"breadcrumb\":{\"@id\":\"https:\/\/www.aranp-group.com\/es\/otros-productos\/#breadcrumb\"},\"inLanguage\":\"es\",\"potentialAction\":[{\"@type\":\"ReadAction\",\"target\":[\"https:\/\/www.aranp-group.com\/es\/otros-productos\/\"]}]},{\"@type\":\"BreadcrumbList\",\"@id\":\"https:\/\/www.aranp-group.com\/es\/otros-productos\/#breadcrumb\",\"itemListElement\":[{\"@type\":\"ListItem\",\"position\":1,\"name\":\"Home\",\"item\":\"https:\/\/www.aranp-group.com\/\"},{\"@type\":\"ListItem\",\"position\":2,\"name\":\"Otros productos\"}]},{\"@type\":\"WebSite\",\"@id\":\"https:\/\/www.aranp-group.com\/#website\",\"url\":\"https:\/\/www.aranp-group.com\/\",\"name\":\"Aran Group\",\"description\":\"World leader in bag in box liquid packaging solutions\",\"publisher\":{\"@id\":\"https:\/\/www.aranp-group.com\/#organization\"},\"potentialAction\":[{\"@type\":\"SearchAction\",\"target\":{\"@type\":\"EntryPoint\",\"urlTemplate\":\"https:\/\/www.aranp-group.com\/?s={search_term_string}\"},\"query-input\":\"required name=search_term_string\"}],\"inLanguage\":\"es\"},{\"@type\":\"Organization\",\"@id\":\"https:\/\/www.aranp-group.com\/#organization\",\"name\":\"Aran Group\",\"url\":\"https:\/\/www.aranp-group.com\/\",\"logo\":{\"@type\":\"ImageObject\",\"inLanguage\":\"es\",\"@id\":\"https:\/\/www.aranp-group.com\/#\/schema\/logo\/image\/\",\"url\":\"https:\/\/www.aranp-group.com\/wp-content\/uploads\/2026\/01\/aran-group-logo.png\",\"contentUrl\":\"https:\/\/www.aranp-group.com\/wp-content\/uploads\/2026\/01\/aran-group-logo.png\",\"width\":1388,\"height\":596,\"caption\":\"Aran Group\"},\"image\":{\"@id\":\"https:\/\/www.aranp-group.com\/#\/schema\/logo\/image\/\"},\"sameAs\":[\"https:\/\/www.facebook.com\/arangroupint\/\",\"https:\/\/twitter.com\/arangroupint\",\"https:\/\/www.linkedin.com\/company\/aran-group-int\/\",\"https:\/\/www.pinterest.com\/arangrouponline\/aran-group\/\",\"https:\/\/www.instagram.com\/arangroupint\/\",\"http:\/\/bit.ly\/AranGrpYT\"]}]}<\/script>\n<!-- \/ Yoast SEO plugin. -->","yoast_head_json":{"title":"Otros productos | Aran Group","robots":{"index":"index","follow":"follow","max-snippet":"max-snippet:-1","max-image-preview":"max-image-preview:large","max-video-preview":"max-video-preview:-1"},"canonical":"https:\/\/www.aranp-group.com\/es\/otros-productos\/","og_locale":"es_ES","og_type":"article","og_title":"Otros productos | Aran Group","og_description":"OTROS PRODUCTOS LAMINACI\u00d3N T\u00c9RMICA AVANZADA Los laminados Aran son los m\u00e1s avanzados de su tipo en el mercado de envases l\u00edquidos y se basan en la tecnolog\u00eda de termolaminaci\u00f3n de adhesi\u00f3n de capas por calor. LAMINACI\u00d3N T\u00c9RMICA AVANZADA Los laminados Aran son los m\u00e1s avanzados de su tipo en el mercado de envases l\u00edquidos y [&hellip;]","og_url":"https:\/\/www.aranp-group.com\/es\/otros-productos\/","og_site_name":"Aran Group","article_publisher":"https:\/\/www.facebook.com\/arangroupint\/","article_modified_time":"2020-02-06T11:39:14+00:00","og_image":[{"width":1200,"height":675,"url":"https:\/\/www.aranp-group.com\/wp-content\/uploads\/2026\/01\/aran-packaging-image-2.png","type":"image\/png"}],"twitter_card":"summary_large_image","twitter_misc":{"Tiempo de lectura":"1 minuto"},"schema":{"@context":"https:\/\/schema.org","@graph":[{"@type":"WebPage","@id":"https:\/\/www.aranp-group.com\/es\/otros-productos\/","url":"https:\/\/www.aranp-group.com\/es\/otros-productos\/","name":"Otros productos | Aran Group","isPartOf":{"@id":"https:\/\/www.aranp-group.com\/#website"},"datePublished":"2020-02-06T11:39:12+00:00","dateModified":"2020-02-06T11:39:14+00:00","breadcrumb":{"@id":"https:\/\/www.aranp-group.com\/es\/otros-productos\/#breadcrumb"},"inLanguage":"es","potentialAction":[{"@type":"ReadAction","target":["https:\/\/www.aranp-group.com\/es\/otros-productos\/"]}]},{"@type":"BreadcrumbList","@id":"https:\/\/www.aranp-group.com\/es\/otros-productos\/#breadcrumb","itemListElement":[{"@type":"ListItem","position":1,"name":"Home","item":"https:\/\/www.aranp-group.com\/"},{"@type":"ListItem","position":2,"name":"Otros productos"}]},{"@type":"WebSite","@id":"https:\/\/www.aranp-group.com\/#website","url":"https:\/\/www.aranp-group.com\/","name":"Aran Group","description":"World leader in bag in box liquid packaging solutions","publisher":{"@id":"https:\/\/www.aranp-group.com\/#organization"},"potentialAction":[{"@type":"SearchAction","target":{"@type":"EntryPoint","urlTemplate":"https:\/\/www.aranp-group.com\/?s={search_term_string}"},"query-input":"required name=search_term_string"}],"inLanguage":"es"},{"@type":"Organization","@id":"https:\/\/www.aranp-group.com\/#organization","name":"Aran Group","url":"https:\/\/www.aranp-group.com\/","logo":{"@type":"ImageObject","inLanguage":"es","@id":"https:\/\/www.aranp-group.com\/#\/schema\/logo\/image\/","url":"https:\/\/www.aranp-group.com\/wp-content\/uploads\/2026\/01\/aran-group-logo.png","contentUrl":"https:\/\/www.aranp-group.com\/wp-content\/uploads\/2026\/01\/aran-group-logo.png","width":1388,"height":596,"caption":"Aran Group"},"image":{"@id":"https:\/\/www.aranp-group.com\/#\/schema\/logo\/image\/"},"sameAs":["https:\/\/www.facebook.com\/arangroupint\/","https:\/\/twitter.com\/arangroupint","https:\/\/www.linkedin.com\/company\/aran-group-int\/","https:\/\/www.pinterest.com\/arangrouponline\/aran-group\/","https:\/\/www.instagram.com\/arangroupint\/","http:\/\/bit.ly\/AranGrpYT"]}]}},"_links":{"self":[{"href":"https:\/\/www.aranp-group.com\/es\/wp-json\/wp\/v2\/pages\/1393"}],"collection":[{"href":"https:\/\/www.aranp-group.com\/es\/wp-json\/wp\/v2\/pages"}],"about":[{"href":"https:\/\/www.aranp-group.com\/es\/wp-json\/wp\/v2\/types\/page"}],"author":[{"embeddable":true,"href":"https:\/\/www.aranp-group.com\/es\/wp-json\/wp\/v2\/users\/2"}],"replies":[{"embeddable":true,"href":"https:\/\/www.aranp-group.com\/es\/wp-json\/wp\/v2\/comments?post=1393"}],"version-history":[{"count":2,"href":"https:\/\/www.aranp-group.com\/es\/wp-json\/wp\/v2\/pages\/1393\/revisions"}],"predecessor-version":[{"id":1401,"href":"https:\/\/www.aranp-group.com\/es\/wp-json\/wp\/v2\/pages\/1393\/revisions\/1401"}],"wp:attachment":[{"href":"https:\/\/www.aranp-group.com\/es\/wp-json\/wp\/v2\/media?parent=1393"}],"curies":[{"name":"wp","href":"https:\/\/api.w.org\/{rel}","templated":true}]}}