{"id":1373,"date":"2020-02-06T11:39:08","date_gmt":"2020-02-06T11:39:08","guid":{"rendered":"https:\/\/www.aranp-group.com\/alta-tecnologia\/"},"modified":"2020-02-06T11:39:13","modified_gmt":"2020-02-06T11:39:13","slug":"alta-tecnologia","status":"publish","type":"page","link":"https:\/\/www.aranp-group.com\/es\/alta-tecnologia\/","title":{"rendered":"ALTA TECNOLOG\u00cdA"},"content":{"rendered":"\t\t<div data-elementor-type=\"wp-post\" data-elementor-id=\"1373\" class=\"elementor elementor-1373 elementor-284\" data-elementor-post-type=\"page\">\n\t\t\t\t\t\t<section class=\"elementor-section elementor-top-section elementor-element elementor-element-b967d63 elementor-section-height-min-height elementor-section-full_width elementor-section-height-default elementor-section-items-middle\" data-id=\"b967d63\" data-element_type=\"section\" data-settings=\"{&quot;background_background&quot;:&quot;classic&quot;}\">\n\t\t\t\t\t\t<div class=\"elementor-container elementor-column-gap-default\">\n\t\t\t\t\t<div class=\"elementor-column elementor-col-100 elementor-top-column elementor-element elementor-element-f088901\" data-id=\"f088901\" data-element_type=\"column\">\n\t\t\t<div class=\"elementor-widget-wrap\">\n\t\t\t\t\t\t\t<\/div>\n\t\t<\/div>\n\t\t\t\t\t<\/div>\n\t\t<\/section>\n\t\t\t\t<section class=\"elementor-section elementor-top-section elementor-element elementor-element-5f21142 elementor-section-full_width elementor-section-height-min-height elementor-section-items-stretch elementor-section-content-middle elementor-section-height-default\" data-id=\"5f21142\" data-element_type=\"section\">\n\t\t\t\t\t\t<div class=\"elementor-container elementor-column-gap-default\">\n\t\t\t\t\t<div class=\"elementor-column elementor-col-50 elementor-top-column elementor-element elementor-element-d867749\" data-id=\"d867749\" data-element_type=\"column\" data-settings=\"{&quot;background_background&quot;:&quot;classic&quot;}\">\n\t\t\t<div class=\"elementor-widget-wrap elementor-element-populated\">\n\t\t\t\t\t\t<div class=\"elementor-element elementor-element-50ac350 elementor-widget elementor-widget-heading\" data-id=\"50ac350\" data-element_type=\"widget\" data-widget_type=\"heading.default\">\n\t\t\t\t<div class=\"elementor-widget-container\">\n\t\t\t<style>\/*! elementor - v3.21.0 - 26-05-2024 *\/\n.elementor-heading-title{padding:0;margin:0;line-height:1}.elementor-widget-heading .elementor-heading-title[class*=elementor-size-]>a{color:inherit;font-size:inherit;line-height:inherit}.elementor-widget-heading .elementor-heading-title.elementor-size-small{font-size:15px}.elementor-widget-heading .elementor-heading-title.elementor-size-medium{font-size:19px}.elementor-widget-heading .elementor-heading-title.elementor-size-large{font-size:29px}.elementor-widget-heading .elementor-heading-title.elementor-size-xl{font-size:39px}.elementor-widget-heading .elementor-heading-title.elementor-size-xxl{font-size:59px}<\/style><h2 class=\"elementor-heading-title elementor-size-default\">ALTA TECNOLOG\u00cdA<\/h2>\t\t<\/div>\n\t\t\t\t<\/div>\n\t\t\t\t\t<\/div>\n\t\t<\/div>\n\t\t\t\t<div class=\"elementor-column elementor-col-50 elementor-top-column elementor-element elementor-element-ca06314\" data-id=\"ca06314\" data-element_type=\"column\">\n\t\t\t<div class=\"elementor-widget-wrap\">\n\t\t\t\t\t\t\t<\/div>\n\t\t<\/div>\n\t\t\t\t\t<\/div>\n\t\t<\/section>\n\t\t\t\t<section class=\"elementor-section elementor-top-section elementor-element elementor-element-b337311 elementor-section-boxed elementor-section-height-default elementor-section-height-default\" data-id=\"b337311\" data-element_type=\"section\">\n\t\t\t\t\t\t<div class=\"elementor-container elementor-column-gap-default\">\n\t\t\t\t\t<div class=\"elementor-column elementor-col-100 elementor-top-column elementor-element elementor-element-589b45b\" data-id=\"589b45b\" data-element_type=\"column\">\n\t\t\t<div class=\"elementor-widget-wrap elementor-element-populated\">\n\t\t\t\t\t\t<div class=\"elementor-element elementor-element-be0938f elementor-widget elementor-widget-heading\" data-id=\"be0938f\" data-element_type=\"widget\" data-widget_type=\"heading.default\">\n\t\t\t\t<div class=\"elementor-widget-container\">\n\t\t\t<h2 class=\"elementor-heading-title elementor-size-default\">ARAN EN SERVICIO A LA ALTA TECNOLOG\u00cdA<\/h2>\t\t<\/div>\n\t\t\t\t<\/div>\n\t\t\t\t<div class=\"elementor-element elementor-element-3653ac9 elementor-widget elementor-widget-heading\" data-id=\"3653ac9\" data-element_type=\"widget\" data-widget_type=\"heading.default\">\n\t\t\t\t<div class=\"elementor-widget-container\">\n\t\t\t<h2 class=\"elementor-heading-title elementor-size-default\">La empresa Objet Geometries desarroll\u00f3 una innovadora impresora para crear modelos tridimensionales. La fruct\u00edfera cooperaci\u00f3n con Aran condujo a una soluci\u00f3n de envasado que permite el env\u00edo de los exclusivos contenedores de \"tinta\" de Objet a muchos pa\u00edses de todo el mundo.<\/h2>\t\t<\/div>\n\t\t\t\t<\/div>\n\t\t\t\t\t<\/div>\n\t\t<\/div>\n\t\t\t\t\t<\/div>\n\t\t<\/section>\n\t\t\t\t<section class=\"elementor-section elementor-top-section elementor-element elementor-element-d4255e5 elementor-section-height-min-height elementor-section-boxed elementor-section-height-default elementor-section-items-middle\" data-id=\"d4255e5\" data-element_type=\"section\" data-settings=\"{&quot;background_background&quot;:&quot;classic&quot;}\">\n\t\t\t\t\t\t<div class=\"elementor-container elementor-column-gap-default\">\n\t\t\t\t\t<div class=\"elementor-column elementor-col-100 elementor-top-column elementor-element elementor-element-4d7833c\" data-id=\"4d7833c\" data-element_type=\"column\">\n\t\t\t<div class=\"elementor-widget-wrap\">\n\t\t\t\t\t\t\t<\/div>\n\t\t<\/div>\n\t\t\t\t\t<\/div>\n\t\t<\/section>\n\t\t\t\t<section class=\"elementor-section elementor-top-section elementor-element elementor-element-7942248 elementor-section-boxed elementor-section-height-default elementor-section-height-default\" data-id=\"7942248\" data-element_type=\"section\">\n\t\t\t\t\t\t<div class=\"elementor-container elementor-column-gap-default\">\n\t\t\t\t\t<div class=\"elementor-column elementor-col-100 elementor-top-column elementor-element elementor-element-ec75550\" data-id=\"ec75550\" data-element_type=\"column\">\n\t\t\t<div class=\"elementor-widget-wrap elementor-element-populated\">\n\t\t\t\t\t\t<div class=\"elementor-element elementor-element-97155e2 elementor-widget elementor-widget-text-editor\" data-id=\"97155e2\" data-element_type=\"widget\" data-widget_type=\"text-editor.default\">\n\t\t\t\t<div class=\"elementor-widget-container\">\n\t\t\t<style>\/*! elementor - v3.21.0 - 26-05-2024 *\/\n.elementor-widget-text-editor.elementor-drop-cap-view-stacked .elementor-drop-cap{background-color:#69727d;color:#fff}.elementor-widget-text-editor.elementor-drop-cap-view-framed .elementor-drop-cap{color:#69727d;border:3px solid;background-color:transparent}.elementor-widget-text-editor:not(.elementor-drop-cap-view-default) .elementor-drop-cap{margin-top:8px}.elementor-widget-text-editor:not(.elementor-drop-cap-view-default) .elementor-drop-cap-letter{width:1em;height:1em}.elementor-widget-text-editor .elementor-drop-cap{float:left;text-align:center;line-height:1;font-size:50px}.elementor-widget-text-editor .elementor-drop-cap-letter{display:inline-block}<\/style>\t\t\t\t<p id=\"u32538-7\" class=\"Body1\"><span class=\"Body\">\u00bfPensaba que Aran solo era envasado de alimentos? Para nada. Por ejemplo, la compa\u00f1\u00eda recientemente ha empezado a suministrar paquetes \u00fanicos para productos innovadores fabricados por Objet Geometries Company, la que se ocupa del fascinante campo de la impresi\u00f3n de modelos tridimensionales mediante inyecci\u00f3n de pol\u00edmeros. Objet es una empresa israel\u00ed que desarrolla y fabrica impresoras para crear modelos tridimensionales utilizando tecnolog\u00edas de inyecci\u00f3n.<\/span><\/p>\n<p id=\"u32538-10\" class=\"Body1\"><span class=\"Body\">Para ilustrar el tema, imagine un fax tridimensional: el sistema permite la impresi\u00f3n de prototipos de varios productos, por ejemplo, el modelo de un zapato nuevo para la compa\u00f1\u00eda Adidas, o autopartes para Toyota, directamente desde la computadora, usando un pol\u00edmero desarrollado por la empresa. La impresora construye el producto una capa a la vez, cada capa con un grosor de 20 micras. El cabezal de la impresora inyecta la sustancia pl\u00e1stica exclusiva, que llega como un l\u00edquido en contenedores sellados. Al finalizar el proceso, se ha fabricado una r\u00e9plica tridimensional exacta del producto, id\u00e9ntica a un producto terminado reci\u00e9n salido de la l\u00ednea de producci\u00f3n.<\/span><\/p>\n<p id=\"u32538-13\" class=\"Body1\"><span class=\"Body\">La cooperaci\u00f3n con Aran ha permitido que Objet entregue los contenedores de sustancias a cualquier parte del mundo, con una excelente protecci\u00f3n del pol\u00edmero especial. Las bolsas B.I.B fabricadas por Aran para Objet est\u00e1n adaptadas con precisi\u00f3n al pol\u00edmero l\u00edquido, incluida una boquilla especial. Gracias al envase de calidad, cada a\u00f1o se env\u00edan miles de paquetes a cientos de clientes de Objet en todo el mundo que utilizan con \u00e9xito la impresora israel\u00ed. \u00abEl pol\u00edmero que hemos desarrollado es costoso y sensible, y requiere un envasado de gran resistencia mec\u00e1nica y completamente sellado a la luz\u00bb, dice Guy Manchick, Gerente de Desarrollo de Objet. \u00abEn Aran encontramos un socio profesional y de alta calidad, que produce para nosotros una bolsa dise\u00f1ada espec\u00edficamente para los requisitos del proyecto\u00bb. La bolsa est\u00e1 hecha de polietileno de doble capa para garantizar resistencia mec\u00e1nica, mientras que el laminado recubierto garantiza un sellado completo contra los rayos UV. \u00abEra importante que la bolsa encajara bien en la caja para permitir la m\u00e1xima ventaja de volumen y evitar el movimiento, y asegurarse de que el peso del paquete no causara presi\u00f3n en la boquilla\u00bb, dice Manchick. De la excelente interacci\u00f3n con el equipo profesional de Aran, recuerda: \u00abEllos entendieron nuestras necesidades adecuadamente y respondieron r\u00e1pidamente para proporcionarnos un producto apropiado, con una excelente cooperaci\u00f3n\u00bb. Aparentemente, Objet ha recientemente empezado a insertar las bolsas Aran en contenedores transparentes de dise\u00f1o ultramoderno. Los clientes \u00abse quejan\u00bb de que es una l\u00e1stima tirar ese embalaje: simplemente est\u00e1 dise\u00f1ado con demasiado prestigio&#8230;<\/span><\/p>\n\t\t\t\t\t\t<\/div>\n\t\t\t\t<\/div>\n\t\t\t\t\t<\/div>\n\t\t<\/div>\n\t\t\t\t\t<\/div>\n\t\t<\/section>\n\t\t\t\t<\/div>\n\t\t","protected":false},"excerpt":{"rendered":"<p>ALTA TECNOLOG\u00cdA ARAN EN SERVICIO A LA ALTA TECNOLOG\u00cdA La empresa Objet Geometries desarroll\u00f3 una innovadora impresora para crear modelos tridimensionales. La fruct\u00edfera cooperaci\u00f3n con Aran condujo a una soluci\u00f3n de envasado que permite el env\u00edo de los exclusivos contenedores de \u00abtinta\u00bb de Objet a muchos pa\u00edses de todo el mundo. \u00bfPensaba que Aran solo [&hellip;]<\/p>\n","protected":false},"author":2,"featured_media":0,"parent":0,"menu_order":0,"comment_status":"closed","ping_status":"closed","template":"elementor_header_footer","meta":{"_acf_changed":false,"_jet_sm_ready_style":"","_jet_sm_style":"","_jet_sm_controls_values":"","_jet_sm_fonts_collection":"","_jet_sm_fonts_links":"","footnotes":""},"acf":[],"yoast_head":"<!-- This site is optimized with the Yoast SEO plugin v22.8 - https:\/\/yoast.com\/wordpress\/plugins\/seo\/ -->\n<title>ALTA TECNOLOG\u00cdA | Aran Group<\/title>\n<meta name=\"robots\" content=\"index, follow, max-snippet:-1, max-image-preview:large, max-video-preview:-1\" \/>\n<link rel=\"canonical\" href=\"https:\/\/www.aranp-group.com\/es\/alta-tecnologia\/\" \/>\n<meta property=\"og:locale\" content=\"es_ES\" \/>\n<meta property=\"og:type\" content=\"article\" \/>\n<meta property=\"og:title\" content=\"ALTA TECNOLOG\u00cdA | Aran Group\" \/>\n<meta property=\"og:description\" content=\"ALTA TECNOLOG\u00cdA ARAN EN SERVICIO A LA ALTA TECNOLOG\u00cdA La empresa Objet Geometries desarroll\u00f3 una innovadora impresora para crear modelos tridimensionales. La fruct\u00edfera cooperaci\u00f3n con Aran condujo a una soluci\u00f3n de envasado que permite el env\u00edo de los exclusivos contenedores de \u00abtinta\u00bb de Objet a muchos pa\u00edses de todo el mundo. \u00bfPensaba que Aran solo [&hellip;]\" \/>\n<meta property=\"og:url\" content=\"https:\/\/www.aranp-group.com\/es\/alta-tecnologia\/\" \/>\n<meta property=\"og:site_name\" content=\"Aran Group\" \/>\n<meta property=\"article:publisher\" content=\"https:\/\/www.facebook.com\/arangroupint\/\" \/>\n<meta property=\"article:modified_time\" content=\"2020-02-06T11:39:13+00:00\" \/>\n<meta property=\"og:image\" content=\"https:\/\/www.aranp-group.com\/wp-content\/uploads\/2026\/01\/aran-packaging-image-2.png\" \/>\n\t<meta property=\"og:image:width\" content=\"1200\" \/>\n\t<meta property=\"og:image:height\" content=\"675\" \/>\n\t<meta property=\"og:image:type\" content=\"image\/png\" \/>\n<meta name=\"twitter:card\" content=\"summary_large_image\" \/>\n<meta name=\"twitter:label1\" content=\"Tiempo de lectura\" \/>\n\t<meta name=\"twitter:data1\" content=\"3 minutos\" \/>\n<script type=\"application\/ld+json\" class=\"yoast-schema-graph\">{\"@context\":\"https:\/\/schema.org\",\"@graph\":[{\"@type\":\"WebPage\",\"@id\":\"https:\/\/www.aranp-group.com\/es\/alta-tecnologia\/\",\"url\":\"https:\/\/www.aranp-group.com\/es\/alta-tecnologia\/\",\"name\":\"ALTA TECNOLOG\u00cdA | Aran Group\",\"isPartOf\":{\"@id\":\"https:\/\/www.aranp-group.com\/#website\"},\"datePublished\":\"2020-02-06T11:39:08+00:00\",\"dateModified\":\"2020-02-06T11:39:13+00:00\",\"breadcrumb\":{\"@id\":\"https:\/\/www.aranp-group.com\/es\/alta-tecnologia\/#breadcrumb\"},\"inLanguage\":\"es\",\"potentialAction\":[{\"@type\":\"ReadAction\",\"target\":[\"https:\/\/www.aranp-group.com\/es\/alta-tecnologia\/\"]}]},{\"@type\":\"BreadcrumbList\",\"@id\":\"https:\/\/www.aranp-group.com\/es\/alta-tecnologia\/#breadcrumb\",\"itemListElement\":[{\"@type\":\"ListItem\",\"position\":1,\"name\":\"Home\",\"item\":\"https:\/\/www.aranp-group.com\/\"},{\"@type\":\"ListItem\",\"position\":2,\"name\":\"ALTA TECNOLOG\u00cdA\"}]},{\"@type\":\"WebSite\",\"@id\":\"https:\/\/www.aranp-group.com\/#website\",\"url\":\"https:\/\/www.aranp-group.com\/\",\"name\":\"Aran Group\",\"description\":\"World leader in bag in box liquid packaging solutions\",\"publisher\":{\"@id\":\"https:\/\/www.aranp-group.com\/#organization\"},\"potentialAction\":[{\"@type\":\"SearchAction\",\"target\":{\"@type\":\"EntryPoint\",\"urlTemplate\":\"https:\/\/www.aranp-group.com\/?s={search_term_string}\"},\"query-input\":\"required name=search_term_string\"}],\"inLanguage\":\"es\"},{\"@type\":\"Organization\",\"@id\":\"https:\/\/www.aranp-group.com\/#organization\",\"name\":\"Aran Group\",\"url\":\"https:\/\/www.aranp-group.com\/\",\"logo\":{\"@type\":\"ImageObject\",\"inLanguage\":\"es\",\"@id\":\"https:\/\/www.aranp-group.com\/#\/schema\/logo\/image\/\",\"url\":\"https:\/\/www.aranp-group.com\/wp-content\/uploads\/2026\/01\/aran-group-logo.png\",\"contentUrl\":\"https:\/\/www.aranp-group.com\/wp-content\/uploads\/2026\/01\/aran-group-logo.png\",\"width\":1388,\"height\":596,\"caption\":\"Aran Group\"},\"image\":{\"@id\":\"https:\/\/www.aranp-group.com\/#\/schema\/logo\/image\/\"},\"sameAs\":[\"https:\/\/www.facebook.com\/arangroupint\/\",\"https:\/\/twitter.com\/arangroupint\",\"https:\/\/www.linkedin.com\/company\/aran-group-int\/\",\"https:\/\/www.pinterest.com\/arangrouponline\/aran-group\/\",\"https:\/\/www.instagram.com\/arangroupint\/\",\"http:\/\/bit.ly\/AranGrpYT\"]}]}<\/script>\n<!-- \/ Yoast SEO plugin. -->","yoast_head_json":{"title":"ALTA TECNOLOG\u00cdA | Aran Group","robots":{"index":"index","follow":"follow","max-snippet":"max-snippet:-1","max-image-preview":"max-image-preview:large","max-video-preview":"max-video-preview:-1"},"canonical":"https:\/\/www.aranp-group.com\/es\/alta-tecnologia\/","og_locale":"es_ES","og_type":"article","og_title":"ALTA TECNOLOG\u00cdA | Aran Group","og_description":"ALTA TECNOLOG\u00cdA ARAN EN SERVICIO A LA ALTA TECNOLOG\u00cdA La empresa Objet Geometries desarroll\u00f3 una innovadora impresora para crear modelos tridimensionales. La fruct\u00edfera cooperaci\u00f3n con Aran condujo a una soluci\u00f3n de envasado que permite el env\u00edo de los exclusivos contenedores de \u00abtinta\u00bb de Objet a muchos pa\u00edses de todo el mundo. \u00bfPensaba que Aran solo [&hellip;]","og_url":"https:\/\/www.aranp-group.com\/es\/alta-tecnologia\/","og_site_name":"Aran Group","article_publisher":"https:\/\/www.facebook.com\/arangroupint\/","article_modified_time":"2020-02-06T11:39:13+00:00","og_image":[{"width":1200,"height":675,"url":"https:\/\/www.aranp-group.com\/wp-content\/uploads\/2026\/01\/aran-packaging-image-2.png","type":"image\/png"}],"twitter_card":"summary_large_image","twitter_misc":{"Tiempo de lectura":"3 minutos"},"schema":{"@context":"https:\/\/schema.org","@graph":[{"@type":"WebPage","@id":"https:\/\/www.aranp-group.com\/es\/alta-tecnologia\/","url":"https:\/\/www.aranp-group.com\/es\/alta-tecnologia\/","name":"ALTA TECNOLOG\u00cdA | Aran Group","isPartOf":{"@id":"https:\/\/www.aranp-group.com\/#website"},"datePublished":"2020-02-06T11:39:08+00:00","dateModified":"2020-02-06T11:39:13+00:00","breadcrumb":{"@id":"https:\/\/www.aranp-group.com\/es\/alta-tecnologia\/#breadcrumb"},"inLanguage":"es","potentialAction":[{"@type":"ReadAction","target":["https:\/\/www.aranp-group.com\/es\/alta-tecnologia\/"]}]},{"@type":"BreadcrumbList","@id":"https:\/\/www.aranp-group.com\/es\/alta-tecnologia\/#breadcrumb","itemListElement":[{"@type":"ListItem","position":1,"name":"Home","item":"https:\/\/www.aranp-group.com\/"},{"@type":"ListItem","position":2,"name":"ALTA TECNOLOG\u00cdA"}]},{"@type":"WebSite","@id":"https:\/\/www.aranp-group.com\/#website","url":"https:\/\/www.aranp-group.com\/","name":"Aran Group","description":"World leader in bag in box liquid packaging solutions","publisher":{"@id":"https:\/\/www.aranp-group.com\/#organization"},"potentialAction":[{"@type":"SearchAction","target":{"@type":"EntryPoint","urlTemplate":"https:\/\/www.aranp-group.com\/?s={search_term_string}"},"query-input":"required name=search_term_string"}],"inLanguage":"es"},{"@type":"Organization","@id":"https:\/\/www.aranp-group.com\/#organization","name":"Aran Group","url":"https:\/\/www.aranp-group.com\/","logo":{"@type":"ImageObject","inLanguage":"es","@id":"https:\/\/www.aranp-group.com\/#\/schema\/logo\/image\/","url":"https:\/\/www.aranp-group.com\/wp-content\/uploads\/2026\/01\/aran-group-logo.png","contentUrl":"https:\/\/www.aranp-group.com\/wp-content\/uploads\/2026\/01\/aran-group-logo.png","width":1388,"height":596,"caption":"Aran Group"},"image":{"@id":"https:\/\/www.aranp-group.com\/#\/schema\/logo\/image\/"},"sameAs":["https:\/\/www.facebook.com\/arangroupint\/","https:\/\/twitter.com\/arangroupint","https:\/\/www.linkedin.com\/company\/aran-group-int\/","https:\/\/www.pinterest.com\/arangrouponline\/aran-group\/","https:\/\/www.instagram.com\/arangroupint\/","http:\/\/bit.ly\/AranGrpYT"]}]}},"_links":{"self":[{"href":"https:\/\/www.aranp-group.com\/es\/wp-json\/wp\/v2\/pages\/1373"}],"collection":[{"href":"https:\/\/www.aranp-group.com\/es\/wp-json\/wp\/v2\/pages"}],"about":[{"href":"https:\/\/www.aranp-group.com\/es\/wp-json\/wp\/v2\/types\/page"}],"author":[{"embeddable":true,"href":"https:\/\/www.aranp-group.com\/es\/wp-json\/wp\/v2\/users\/2"}],"replies":[{"embeddable":true,"href":"https:\/\/www.aranp-group.com\/es\/wp-json\/wp\/v2\/comments?post=1373"}],"version-history":[{"count":1,"href":"https:\/\/www.aranp-group.com\/es\/wp-json\/wp\/v2\/pages\/1373\/revisions"}],"predecessor-version":[{"id":1375,"href":"https:\/\/www.aranp-group.com\/es\/wp-json\/wp\/v2\/pages\/1373\/revisions\/1375"}],"wp:attachment":[{"href":"https:\/\/www.aranp-group.com\/es\/wp-json\/wp\/v2\/media?parent=1373"}],"curies":[{"name":"wp","href":"https:\/\/api.w.org\/{rel}","templated":true}]}}